{"id":22,"date":"2021-04-12T08:11:05","date_gmt":"2021-04-12T08:11:05","guid":{"rendered":"http:\/\/demos.famethemes.com\/onepress\/?page_id=22"},"modified":"2021-07-02T08:02:27","modified_gmt":"2021-07-02T08:02:27","slug":"viziunea-halley-km","status":"publish","type":"page","link":"https:\/\/halleykm.md\/en\/viziunea-halley-km\/","title":{"rendered":"Our Vision"},"content":{"rendered":"<div data-elementor-type=\"wp-page\" data-elementor-id=\"22\" class=\"elementor elementor-22\">\n\t\t\t\t\t\t<section class=\"elementor-section elementor-top-section elementor-element elementor-element-3df9f9a elementor-section-boxed elementor-section-height-default elementor-section-height-default\" data-id=\"3df9f9a\" data-element_type=\"section\" data-e-type=\"section\">\n\t\t\t\t\t\t<div class=\"elementor-container elementor-column-gap-default\">\n\t\t\t\t\t<div class=\"elementor-column elementor-col-100 elementor-top-column elementor-element elementor-element-bd30723\" data-id=\"bd30723\" data-element_type=\"column\" data-e-type=\"column\">\n\t\t\t<div class=\"elementor-widget-wrap elementor-element-populated\">\n\t\t\t\t\t\t<div class=\"elementor-element elementor-element-ec309cd elementor-widget elementor-widget-text-editor\" data-id=\"ec309cd\" data-element_type=\"widget\" data-e-type=\"widget\" data-widget_type=\"text-editor.default\">\n\t\t\t\t<div class=\"elementor-widget-container\">\n\t\t\t\t\t\t\t\t\t<p style=\"text-align: justify;\"><span style=\"font-family: 'times new roman', times, serif; font-size: 14pt;\">We are constantly evolving in order to offer our customers the best services, based on the latest technologies. We have the experience to turn your ideas into a tangible reality.<\/span><\/p><p style=\"text-align: justify;\"><span style=\"font-family: 'times new roman', times, serif; font-size: 14pt;\">Nu trebuie s\u0103 fi\u021bi specialist IT pentru a integra solu\u021bii moderne \u00een afacerea dvs. \u0219i cu siguran\u021b\u0103 nu ave\u021bi nevoie de angaja\u021bi IT la \u00eendem\u00e2n\u0103 pentru a le putea face s\u0103 func\u021bioneze \u00een timp, de asta ne ocup\u0103m noi. C\u00e2nd ave\u021bi nevoie de ajutor, personalul nostru se afl\u0103 la un apel distan\u021b\u0103. Cu Halley \u00ee\u021bi po\u021bi moderniza opera\u021biunile pentru a optimiza productivitatea, costurile \u0219i calitatea serviciilor oferite.<\/span><\/p><blockquote><p style=\"text-align: justify;\"><span style=\"font-family: 'times new roman', times, serif; font-size: 14pt;\">At Halley, we cultivate trust, which is why we offer a wide range of qualified services and operators so that your business can benefit from the latest technologies, as well as real guarantees for the services offered.<\/span><\/p><\/blockquote><p style=\"text-align: justify;\"><span style=\"font-family: 'times new roman', times, serif; font-size: 14pt;\">Our goal is to help customers be more confident and relaxed when doing business, knowing that they can count on us to overcome any technical hurdles.<\/span><\/p>\t\t\t\t\t\t\t\t<\/div>\n\t\t\t\t<\/div>\n\t\t\t\t\t<\/div>\n\t\t<\/div>\n\t\t\t\t\t<\/div>\n\t\t<\/section>\n\t\t\t\t<section class=\"elementor-section elementor-top-section elementor-element elementor-element-1088151 elementor-section-boxed elementor-section-height-default elementor-section-height-default\" data-id=\"1088151\" data-element_type=\"section\" data-e-type=\"section\">\n\t\t\t\t\t\t<div class=\"elementor-container elementor-column-gap-default\">\n\t\t\t\t\t<div class=\"elementor-column elementor-col-100 elementor-top-column elementor-element elementor-element-eff1ee9\" data-id=\"eff1ee9\" data-element_type=\"column\" data-e-type=\"column\">\n\t\t\t<div class=\"elementor-widget-wrap elementor-element-populated\">\n\t\t\t\t\t\t<div class=\"elementor-element elementor-element-b71620a elementor-widget elementor-widget-image\" data-id=\"b71620a\" data-element_type=\"widget\" data-e-type=\"widget\" data-widget_type=\"image.default\">\n\t\t\t\t<div class=\"elementor-widget-container\">\n\t\t\t\t\t\t\t\t\t\t\t\t\t\t\t<img fetchpriority=\"high\" decoding=\"async\" width=\"800\" height=\"535\" src=\"https:\/\/halleykm.md\/wp-content\/uploads\/2021\/04\/\u0421\u043d\u0438\u043c\u043e\u043a-copy-1024x685.png\" class=\"attachment-large size-large wp-image-2149\" alt=\"\" srcset=\"https:\/\/halleykm.md\/wp-content\/uploads\/2021\/04\/\u0421\u043d\u0438\u043c\u043e\u043a-copy-1024x685.png 1024w, https:\/\/halleykm.md\/wp-content\/uploads\/2021\/04\/\u0421\u043d\u0438\u043c\u043e\u043a-copy-300x201.png 300w, https:\/\/halleykm.md\/wp-content\/uploads\/2021\/04\/\u0421\u043d\u0438\u043c\u043e\u043a-copy-768x514.png 768w, https:\/\/halleykm.md\/wp-content\/uploads\/2021\/04\/\u0421\u043d\u0438\u043c\u043e\u043a-copy-1536x1028.png 1536w, https:\/\/halleykm.md\/wp-content\/uploads\/2021\/04\/\u0421\u043d\u0438\u043c\u043e\u043a-copy-2048x1371.png 2048w, https:\/\/halleykm.md\/wp-content\/uploads\/2021\/04\/\u0421\u043d\u0438\u043c\u043e\u043a-copy-16x12.png 16w\" sizes=\"(max-width: 800px) 100vw, 800px\" \/>\t\t\t\t\t\t\t\t\t\t\t\t\t\t\t<\/div>\n\t\t\t\t<\/div>\n\t\t\t\t<div class=\"elementor-element elementor-element-3d32e81 elementor-widget elementor-widget-spacer\" data-id=\"3d32e81\" data-element_type=\"widget\" data-e-type=\"widget\" data-widget_type=\"spacer.default\">\n\t\t\t\t<div class=\"elementor-widget-container\">\n\t\t\t\t\t\t\t<div class=\"elementor-spacer\">\n\t\t\t<div class=\"elementor-spacer-inner\"><\/div>\n\t\t<\/div>\n\t\t\t\t\t\t<\/div>\n\t\t\t\t<\/div>\n\t\t\t\t<div class=\"elementor-element elementor-element-a2611cb elementor-align-left elementor-widget elementor-widget-button\" data-id=\"a2611cb\" data-element_type=\"widget\" data-e-type=\"widget\" data-widget_type=\"button.default\">\n\t\t\t\t<div class=\"elementor-widget-container\">\n\t\t\t\t\t\t\t\t\t<div class=\"elementor-button-wrapper\">\n\t\t\t\t\t<a class=\"elementor-button elementor-button-link elementor-size-sm\" href=\"https:\/\/halleykm.md\/#despre\">\n\t\t\t\t\t\t<span class=\"elementor-button-content-wrapper\">\n\t\t\t\t\t\t\t\t\t<span class=\"elementor-button-text\">Back<\/span>\n\t\t\t\t\t<\/span>\n\t\t\t\t\t<\/a>\n\t\t\t\t<\/div>\n\t\t\t\t\t\t\t\t<\/div>\n\t\t\t\t<\/div>\n\t\t\t\t\t<\/div>\n\t\t<\/div>\n\t\t\t\t\t<\/div>\n\t\t<\/section>\n\t\t\t\t<\/div>","protected":false},"excerpt":{"rendered":"<p>At Halley, we cultivate trust, which is why we offer a wide range of qualified services and operators so that your business can benefit from the latest technologies, as well as real guarantees for the services offered.<\/p>","protected":false},"author":1,"featured_media":2149,"parent":0,"menu_order":0,"comment_status":"closed","ping_status":"closed","template":"","meta":{"footnotes":""},"class_list":["post-22","page","type-page","status-publish","has-post-thumbnail","hentry"],"yoast_head":"<!-- This site is optimized with the Yoast SEO plugin v27.4 - https:\/\/yoast.com\/product\/yoast-seo-wordpress\/ -->\n<title>Viziunea noastr\u0103 - Halley KM<\/title>\n<meta name=\"description\" content=\"Scopul nostru este de a ajuta clien\u021bii s\u0103 fie mai \u00eencrez\u0103tori \u0219i mai relaxa\u021bi atunci c\u00e2nd \u00ee\u0219i desf\u0103\u0219oar\u0103 activitatea.\" \/>\n<meta name=\"robots\" content=\"index, follow, max-snippet:-1, max-image-preview:large, max-video-preview:-1\" \/>\n<link rel=\"canonical\" href=\"https:\/\/halleykm.md\/en\/viziunea-halley-km\/\" \/>\n<meta property=\"og:locale\" content=\"en_US\" \/>\n<meta property=\"og:type\" content=\"article\" \/>\n<meta property=\"og:title\" content=\"Viziunea noastr\u0103 - Halley KM\" \/>\n<meta property=\"og:description\" content=\"Scopul nostru este de a ajuta clien\u021bii s\u0103 fie mai \u00eencrez\u0103tori \u0219i mai relaxa\u021bi atunci c\u00e2nd \u00ee\u0219i desf\u0103\u0219oar\u0103 activitatea.\" \/>\n<meta property=\"og:url\" content=\"https:\/\/halleykm.md\/en\/viziunea-halley-km\/\" \/>\n<meta property=\"og:site_name\" content=\"Halley KM\" \/>\n<meta property=\"article:publisher\" content=\"https:\/\/www.facebook.com\/halleycahul\" \/>\n<meta property=\"article:modified_time\" content=\"2021-07-02T08:02:27+00:00\" \/>\n<meta property=\"og:image\" content=\"https:\/\/halleykm.md\/wp-content\/uploads\/2021\/04\/\u0421\u043d\u0438\u043c\u043e\u043a-copy-1024x685.png\" \/>\n\t<meta property=\"og:image:width\" content=\"1024\" \/>\n\t<meta property=\"og:image:height\" content=\"685\" \/>\n\t<meta property=\"og:image:type\" content=\"image\/png\" \/>\n<meta name=\"twitter:card\" content=\"summary_large_image\" \/>\n<meta name=\"twitter:label1\" content=\"Est. reading time\" \/>\n\t<meta name=\"twitter:data1\" content=\"1 minute\" \/>\n<script type=\"application\/ld+json\" class=\"yoast-schema-graph\">{\"@context\":\"https:\\\/\\\/schema.org\",\"@graph\":[{\"@type\":\"WebPage\",\"@id\":\"https:\\\/\\\/halleykm.md\\\/en\\\/viziunea-halley-km\\\/\",\"url\":\"https:\\\/\\\/halleykm.md\\\/en\\\/viziunea-halley-km\\\/\",\"name\":\"Viziunea noastr\u0103 - Halley KM\",\"isPartOf\":{\"@id\":\"https:\\\/\\\/halleykm.md\\\/#website\"},\"primaryImageOfPage\":{\"@id\":\"https:\\\/\\\/halleykm.md\\\/en\\\/viziunea-halley-km\\\/#primaryimage\"},\"image\":{\"@id\":\"https:\\\/\\\/halleykm.md\\\/en\\\/viziunea-halley-km\\\/#primaryimage\"},\"thumbnailUrl\":\"https:\\\/\\\/halleykm.md\\\/wp-content\\\/uploads\\\/2021\\\/04\\\/\u0421\u043d\u0438\u043c\u043e\u043a-copy.png\",\"datePublished\":\"2021-04-12T08:11:05+00:00\",\"dateModified\":\"2021-07-02T08:02:27+00:00\",\"description\":\"Scopul nostru este de a ajuta clien\u021bii s\u0103 fie mai \u00eencrez\u0103tori \u0219i mai relaxa\u021bi atunci c\u00e2nd \u00ee\u0219i desf\u0103\u0219oar\u0103 activitatea.\",\"breadcrumb\":{\"@id\":\"https:\\\/\\\/halleykm.md\\\/en\\\/viziunea-halley-km\\\/#breadcrumb\"},\"inLanguage\":\"en-US\",\"potentialAction\":[{\"@type\":\"ReadAction\",\"target\":[\"https:\\\/\\\/halleykm.md\\\/en\\\/viziunea-halley-km\\\/\"]}]},{\"@type\":\"ImageObject\",\"inLanguage\":\"en-US\",\"@id\":\"https:\\\/\\\/halleykm.md\\\/en\\\/viziunea-halley-km\\\/#primaryimage\",\"url\":\"https:\\\/\\\/halleykm.md\\\/wp-content\\\/uploads\\\/2021\\\/04\\\/\u0421\u043d\u0438\u043c\u043e\u043a-copy.png\",\"contentUrl\":\"https:\\\/\\\/halleykm.md\\\/wp-content\\\/uploads\\\/2021\\\/04\\\/\u0421\u043d\u0438\u043c\u043e\u043a-copy.png\",\"width\":3791,\"height\":2537},{\"@type\":\"BreadcrumbList\",\"@id\":\"https:\\\/\\\/halleykm.md\\\/en\\\/viziunea-halley-km\\\/#breadcrumb\",\"itemListElement\":[{\"@type\":\"ListItem\",\"position\":1,\"name\":\"Prima pagin\u0103\",\"item\":\"https:\\\/\\\/halleykm.md\\\/\"},{\"@type\":\"ListItem\",\"position\":2,\"name\":\"Viziunea noastr\u0103\"}]},{\"@type\":\"WebSite\",\"@id\":\"https:\\\/\\\/halleykm.md\\\/#website\",\"url\":\"https:\\\/\\\/halleykm.md\\\/\",\"name\":\"Halley KM\",\"description\":\"Halley Knowledge Management\",\"publisher\":{\"@id\":\"https:\\\/\\\/halleykm.md\\\/#organization\"},\"potentialAction\":[{\"@type\":\"SearchAction\",\"target\":{\"@type\":\"EntryPoint\",\"urlTemplate\":\"https:\\\/\\\/halleykm.md\\\/?s={search_term_string}\"},\"query-input\":{\"@type\":\"PropertyValueSpecification\",\"valueRequired\":true,\"valueName\":\"search_term_string\"}}],\"inLanguage\":\"en-US\"},{\"@type\":\"Organization\",\"@id\":\"https:\\\/\\\/halleykm.md\\\/#organization\",\"name\":\"Halley Knowledge Management\",\"url\":\"https:\\\/\\\/halleykm.md\\\/\",\"logo\":{\"@type\":\"ImageObject\",\"inLanguage\":\"en-US\",\"@id\":\"https:\\\/\\\/halleykm.md\\\/#\\\/schema\\\/logo\\\/image\\\/\",\"url\":\"https:\\\/\\\/halleykm.md\\\/wp-content\\\/uploads\\\/2021\\\/04\\\/trtrt.png\",\"contentUrl\":\"https:\\\/\\\/halleykm.md\\\/wp-content\\\/uploads\\\/2021\\\/04\\\/trtrt.png\",\"width\":177,\"height\":68,\"caption\":\"Halley Knowledge Management\"},\"image\":{\"@id\":\"https:\\\/\\\/halleykm.md\\\/#\\\/schema\\\/logo\\\/image\\\/\"},\"sameAs\":[\"https:\\\/\\\/www.facebook.com\\\/halleycahul\",\"https:\\\/\\\/www.linkedin.com\\\/in\\\/halley-knowledge-management-00487120a\\\/?challengeId=AQFdatpuwBv9YwAAAXj0DP1gVHS7C4Ig1dtOL5UlMnbVg5wjoKXX9_vSTo37hEu1q-uFc4ULeuCHbBiF4t-9fJxJIMBwcHEnbg&amp;amp;amp;amp;amp;amp;amp;amp;amp;amp;amp;amp;amp;amp;amp;amp;submissionId=5459fa26-ebd9-7716-98e4-2aed3f8e0c0a\"]}]}<\/script>\n<!-- \/ Yoast SEO plugin. -->","yoast_head_json":{"title":"Viziunea noastr\u0103 - Halley KM","description":"Scopul nostru este de a ajuta clien\u021bii s\u0103 fie mai \u00eencrez\u0103tori \u0219i mai relaxa\u021bi atunci c\u00e2nd \u00ee\u0219i desf\u0103\u0219oar\u0103 activitatea.","robots":{"index":"index","follow":"follow","max-snippet":"max-snippet:-1","max-image-preview":"max-image-preview:large","max-video-preview":"max-video-preview:-1"},"canonical":"https:\/\/halleykm.md\/en\/viziunea-halley-km\/","og_locale":"en_US","og_type":"article","og_title":"Viziunea noastr\u0103 - Halley KM","og_description":"Scopul nostru este de a ajuta clien\u021bii s\u0103 fie mai \u00eencrez\u0103tori \u0219i mai relaxa\u021bi atunci c\u00e2nd \u00ee\u0219i desf\u0103\u0219oar\u0103 activitatea.","og_url":"https:\/\/halleykm.md\/en\/viziunea-halley-km\/","og_site_name":"Halley KM","article_publisher":"https:\/\/www.facebook.com\/halleycahul","article_modified_time":"2021-07-02T08:02:27+00:00","og_image":[{"width":1024,"height":685,"url":"https:\/\/halleykm.md\/wp-content\/uploads\/2021\/04\/\u0421\u043d\u0438\u043c\u043e\u043a-copy-1024x685.png","type":"image\/png"}],"twitter_card":"summary_large_image","twitter_misc":{"Est. reading time":"1 minute"},"schema":{"@context":"https:\/\/schema.org","@graph":[{"@type":"WebPage","@id":"https:\/\/halleykm.md\/en\/viziunea-halley-km\/","url":"https:\/\/halleykm.md\/en\/viziunea-halley-km\/","name":"Viziunea noastr\u0103 - Halley KM","isPartOf":{"@id":"https:\/\/halleykm.md\/#website"},"primaryImageOfPage":{"@id":"https:\/\/halleykm.md\/en\/viziunea-halley-km\/#primaryimage"},"image":{"@id":"https:\/\/halleykm.md\/en\/viziunea-halley-km\/#primaryimage"},"thumbnailUrl":"https:\/\/halleykm.md\/wp-content\/uploads\/2021\/04\/\u0421\u043d\u0438\u043c\u043e\u043a-copy.png","datePublished":"2021-04-12T08:11:05+00:00","dateModified":"2021-07-02T08:02:27+00:00","description":"Scopul nostru este de a ajuta clien\u021bii s\u0103 fie mai \u00eencrez\u0103tori \u0219i mai relaxa\u021bi atunci c\u00e2nd \u00ee\u0219i desf\u0103\u0219oar\u0103 activitatea.","breadcrumb":{"@id":"https:\/\/halleykm.md\/en\/viziunea-halley-km\/#breadcrumb"},"inLanguage":"en-US","potentialAction":[{"@type":"ReadAction","target":["https:\/\/halleykm.md\/en\/viziunea-halley-km\/"]}]},{"@type":"ImageObject","inLanguage":"en-US","@id":"https:\/\/halleykm.md\/en\/viziunea-halley-km\/#primaryimage","url":"https:\/\/halleykm.md\/wp-content\/uploads\/2021\/04\/\u0421\u043d\u0438\u043c\u043e\u043a-copy.png","contentUrl":"https:\/\/halleykm.md\/wp-content\/uploads\/2021\/04\/\u0421\u043d\u0438\u043c\u043e\u043a-copy.png","width":3791,"height":2537},{"@type":"BreadcrumbList","@id":"https:\/\/halleykm.md\/en\/viziunea-halley-km\/#breadcrumb","itemListElement":[{"@type":"ListItem","position":1,"name":"Prima pagin\u0103","item":"https:\/\/halleykm.md\/"},{"@type":"ListItem","position":2,"name":"Viziunea noastr\u0103"}]},{"@type":"WebSite","@id":"https:\/\/halleykm.md\/#website","url":"https:\/\/halleykm.md\/","name":"Halley KM","description":"Halley Knowledge Management","publisher":{"@id":"https:\/\/halleykm.md\/#organization"},"potentialAction":[{"@type":"SearchAction","target":{"@type":"EntryPoint","urlTemplate":"https:\/\/halleykm.md\/?s={search_term_string}"},"query-input":{"@type":"PropertyValueSpecification","valueRequired":true,"valueName":"search_term_string"}}],"inLanguage":"en-US"},{"@type":"Organization","@id":"https:\/\/halleykm.md\/#organization","name":"Halley Knowledge Management","url":"https:\/\/halleykm.md\/","logo":{"@type":"ImageObject","inLanguage":"en-US","@id":"https:\/\/halleykm.md\/#\/schema\/logo\/image\/","url":"https:\/\/halleykm.md\/wp-content\/uploads\/2021\/04\/trtrt.png","contentUrl":"https:\/\/halleykm.md\/wp-content\/uploads\/2021\/04\/trtrt.png","width":177,"height":68,"caption":"Halley Knowledge Management"},"image":{"@id":"https:\/\/halleykm.md\/#\/schema\/logo\/image\/"},"sameAs":["https:\/\/www.facebook.com\/halleycahul","https:\/\/www.linkedin.com\/in\/halley-knowledge-management-00487120a\/?challengeId=AQFdatpuwBv9YwAAAXj0DP1gVHS7C4Ig1dtOL5UlMnbVg5wjoKXX9_vSTo37hEu1q-uFc4ULeuCHbBiF4t-9fJxJIMBwcHEnbg&amp;amp;amp;amp;amp;amp;amp;amp;amp;amp;amp;amp;amp;amp;amp;amp;submissionId=5459fa26-ebd9-7716-98e4-2aed3f8e0c0a"]}]}},"_links":{"self":[{"href":"https:\/\/halleykm.md\/en\/wp-json\/wp\/v2\/pages\/22","targetHints":{"allow":["GET"]}}],"collection":[{"href":"https:\/\/halleykm.md\/en\/wp-json\/wp\/v2\/pages"}],"about":[{"href":"https:\/\/halleykm.md\/en\/wp-json\/wp\/v2\/types\/page"}],"author":[{"embeddable":true,"href":"https:\/\/halleykm.md\/en\/wp-json\/wp\/v2\/users\/1"}],"replies":[{"embeddable":true,"href":"https:\/\/halleykm.md\/en\/wp-json\/wp\/v2\/comments?post=22"}],"version-history":[{"count":45,"href":"https:\/\/halleykm.md\/en\/wp-json\/wp\/v2\/pages\/22\/revisions"}],"predecessor-version":[{"id":2450,"href":"https:\/\/halleykm.md\/en\/wp-json\/wp\/v2\/pages\/22\/revisions\/2450"}],"wp:featuredmedia":[{"embeddable":true,"href":"https:\/\/halleykm.md\/en\/wp-json\/wp\/v2\/media\/2149"}],"wp:attachment":[{"href":"https:\/\/halleykm.md\/en\/wp-json\/wp\/v2\/media?parent=22"}],"curies":[{"name":"wp","href":"https:\/\/api.w.org\/{rel}","templated":true}]}}