{"id":17,"date":"2021-04-12T08:09:36","date_gmt":"2021-04-12T08:09:36","guid":{"rendered":"http:\/\/demos.famethemes.com\/onepress\/?page_id=17"},"modified":"2021-07-02T08:02:12","modified_gmt":"2021-07-02T08:02:12","slug":"despre-noi","status":"publish","type":"page","link":"https:\/\/halleykm.md\/en\/despre-noi\/","title":{"rendered":"About"},"content":{"rendered":"<div data-elementor-type=\"wp-page\" data-elementor-id=\"17\" class=\"elementor elementor-17\">\n\t\t\t\t\t\t<section class=\"elementor-section elementor-top-section elementor-element elementor-element-5cff68df elementor-section-boxed elementor-section-height-default elementor-section-height-default\" data-id=\"5cff68df\" data-element_type=\"section\" data-e-type=\"section\">\n\t\t\t\t\t\t<div class=\"elementor-container elementor-column-gap-default\">\n\t\t\t\t\t<div class=\"elementor-column elementor-col-100 elementor-top-column elementor-element elementor-element-2d563762\" data-id=\"2d563762\" data-element_type=\"column\" data-e-type=\"column\">\n\t\t\t<div class=\"elementor-widget-wrap elementor-element-populated\">\n\t\t\t\t\t\t<div class=\"elementor-element elementor-element-3e9a34ce elementor-widget elementor-widget-text-editor\" data-id=\"3e9a34ce\" data-element_type=\"widget\" data-e-type=\"widget\" data-widget_type=\"text-editor.default\">\n\t\t\t\t<div class=\"elementor-widget-container\">\n\t\t\t\t\t\t\t\t\t<p><span style=\"font-size: 12pt;\"><\/span><\/p>\n<p style=\"text-align: justify;\"><span style=\"font-size: 14pt; color: #333333; font-family: 'times new roman', times, serif;\"><strong>HALLEY KM<\/strong> este o companie IT \u00eenfiin\u021bat\u0103 \u00een anul 2019, furnizor de servicii \u0219i solu\u021bii IT menite s\u0103 r\u0103spund\u0103 nevoilor unice ale companiilor, indiferent dac\u0103 este vorba despre corpora\u021bii mari, mijlocii sau mici, \u00een cadrul c\u0103reia activeaz\u0103 o echip\u0103 format\u0103 din speciali\u0219ti califica\u021bi \u00een domeniu IT.<\/span><\/p>\n<p style=\"text-align: justify;\"><span style=\"font-size: 14pt; color: #333333; font-family: 'times new roman', times, serif;\">Compania este parte a grupului Halley Informatica, lider \u00een furnizarea de servicii \u0219i programe specializate pentru Autorit\u0103\u021bile Locale din Italia.<\/span><\/p>\n<blockquote>\n<p style=\"text-align: justify;\"><strong><span style=\"font-size: 14pt; color: #333333; font-family: 'times new roman', times, serif;\"> Scopul nostru este de a furniza servicii IT, solu\u021bii centrate pe client \u0219i un viitor bazat pe inova\u021bie \u0219i tehnologie.<\/span><\/strong><\/p>\n<\/blockquote>\n<p style=\"text-align: justify;\"><span style=\"font-size: 14pt; color: #333333; font-family: 'times new roman', times, serif;\">Activitatea companiei se axeaz\u0103 pe urm\u0103toarele domenii practice: proiectare, programare \u0219i sisteme informatice. Exper\u021bii no\u0219tri lucreaz\u0103 \u00een parteneriat cu clien\u021bii pentru a contribui la crearea celei mai bune strategii bazate pe necesit\u0103\u021bile clientului, proiectarea sistemelor \u0219i oferirea solu\u021biilor tehnologice eficiente \u0219i potrivite pentru misiunea organiza\u021biei, obiectivele \u0219i procesul de afaceri ale acesteia.<\/span><\/p>\n<p style=\"text-align: justify;\"><span style=\"font-size: 14pt; color: #333333; font-family: 'times new roman', times, serif;\"><strong>Halley KM<\/strong> ofer\u0103 servicii de dezvoltare software precum \u0219i deservire \u0219i mentenan\u021b\u0103 companiilor din diferite domenii: de la finan\u021be \u0219i asigur\u0103ri la companii de produc\u021bie \u0219i chiar prim\u0103rii. Compania dispune de resurse pentru a reac\u021biona rapid la nevoile clientului, avantaj de ne\u00eenlocuit \u00een era digital\u0103 c\u00e2nd implementarea unei m\u0103suri trebuie m\u0103surat\u0103 \u00een zile \u0219i nu \u00een s\u0103pt\u0103m\u00e2ni sau luni.<\/span><\/p>\n<blockquote>\n<p style=\"text-align: justify;\"><span style=\"font-size: 14pt; color: #333333; font-family: 'times new roman', times, serif;\">Abordarea noastr\u0103 ajut\u0103 clientul s\u0103 construiasc\u0103 afaceri mai inovatoare \u0219i mai eficiente, iar aceasta s\u0103 \u00eentruneasc\u0103 calit\u0103\u021bile unei afaceri moderne, fiind mereu cu un pas \u00eenaintea schimb\u0103rilor.<\/span><\/p>\n<\/blockquote>\t\t\t\t\t\t\t\t<\/div>\n\t\t\t\t<\/div>\n\t\t\t\t\t<\/div>\n\t\t<\/div>\n\t\t\t\t\t<\/div>\n\t\t<\/section>\n\t\t\t\t<section class=\"elementor-section elementor-top-section elementor-element elementor-element-69d6c1a elementor-section-boxed elementor-section-height-default elementor-section-height-default\" data-id=\"69d6c1a\" data-element_type=\"section\" data-e-type=\"section\">\n\t\t\t\t\t\t<div class=\"elementor-container elementor-column-gap-default\">\n\t\t\t\t\t<div class=\"elementor-column elementor-col-100 elementor-top-column elementor-element elementor-element-49afd22\" data-id=\"49afd22\" data-element_type=\"column\" data-e-type=\"column\">\n\t\t\t<div class=\"elementor-widget-wrap elementor-element-populated\">\n\t\t\t\t\t\t<div class=\"elementor-element elementor-element-77d76aa elementor-widget elementor-widget-image\" data-id=\"77d76aa\" data-element_type=\"widget\" data-e-type=\"widget\" data-widget_type=\"image.default\">\n\t\t\t\t<div class=\"elementor-widget-container\">\n\t\t\t\t\t\t\t\t\t\t\t\t\t\t\t<img fetchpriority=\"high\" decoding=\"async\" width=\"571\" height=\"360\" src=\"https:\/\/halleykm.md\/wp-content\/uploads\/2021\/04\/matelica.png\" class=\"attachment-large size-large wp-image-1579\" alt=\"\" srcset=\"https:\/\/halleykm.md\/wp-content\/uploads\/2021\/04\/matelica.png 571w, https:\/\/halleykm.md\/wp-content\/uploads\/2021\/04\/matelica-300x189.png 300w, https:\/\/halleykm.md\/wp-content\/uploads\/2021\/04\/matelica-16x10.png 16w\" sizes=\"(max-width: 571px) 100vw, 571px\" \/>\t\t\t\t\t\t\t\t\t\t\t\t\t\t\t<\/div>\n\t\t\t\t<\/div>\n\t\t\t\t\t<\/div>\n\t\t<\/div>\n\t\t\t\t\t<\/div>\n\t\t<\/section>\n\t\t\t\t<section class=\"elementor-section elementor-top-section elementor-element elementor-element-705ce88 elementor-section-boxed elementor-section-height-default elementor-section-height-default\" data-id=\"705ce88\" data-element_type=\"section\" data-e-type=\"section\">\n\t\t\t\t\t\t<div class=\"elementor-container elementor-column-gap-default\">\n\t\t\t\t\t<div class=\"elementor-column elementor-col-100 elementor-top-column elementor-element elementor-element-255ab71\" data-id=\"255ab71\" data-element_type=\"column\" data-e-type=\"column\">\n\t\t\t<div class=\"elementor-widget-wrap elementor-element-populated\">\n\t\t\t\t\t\t<div class=\"elementor-element elementor-element-2d69fcf elementor-widget elementor-widget-spacer\" data-id=\"2d69fcf\" data-element_type=\"widget\" data-e-type=\"widget\" data-widget_type=\"spacer.default\">\n\t\t\t\t<div class=\"elementor-widget-container\">\n\t\t\t\t\t\t\t<div class=\"elementor-spacer\">\n\t\t\t<div class=\"elementor-spacer-inner\"><\/div>\n\t\t<\/div>\n\t\t\t\t\t\t<\/div>\n\t\t\t\t<\/div>\n\t\t\t\t<div class=\"elementor-element elementor-element-d10e7f0 elementor-align-left elementor-widget elementor-widget-button\" data-id=\"d10e7f0\" data-element_type=\"widget\" data-e-type=\"widget\" data-widget_type=\"button.default\">\n\t\t\t\t<div class=\"elementor-widget-container\">\n\t\t\t\t\t\t\t\t\t<div class=\"elementor-button-wrapper\">\n\t\t\t\t\t<a class=\"elementor-button elementor-button-link elementor-size-sm\" href=\"https:\/\/halleykm.md\/#despre\">\n\t\t\t\t\t\t<span class=\"elementor-button-content-wrapper\">\n\t\t\t\t\t\t\t\t\t<span class=\"elementor-button-text\">Back<\/span>\n\t\t\t\t\t<\/span>\n\t\t\t\t\t<\/a>\n\t\t\t\t<\/div>\n\t\t\t\t\t\t\t\t<\/div>\n\t\t\t\t<\/div>\n\t\t\t\t\t<\/div>\n\t\t<\/div>\n\t\t\t\t\t<\/div>\n\t\t<\/section>\n\t\t\t\t<\/div>","protected":false},"excerpt":{"rendered":"<p>\"HALLEY KM\" SRL is an IT company founded in 2019, provider of IT services and solutions designed to meet the unique needs of companies, whether large, medium or small corporations, which operates a team of qualified specialists in the IT field.<\/p>","protected":false},"author":1,"featured_media":1579,"parent":0,"menu_order":0,"comment_status":"closed","ping_status":"closed","template":"","meta":{"footnotes":""},"class_list":["post-17","page","type-page","status-publish","has-post-thumbnail","hentry"],"yoast_head":"<!-- This site is optimized with the Yoast SEO plugin v27.4 - https:\/\/yoast.com\/product\/yoast-seo-wordpress\/ -->\n<title>Despre noi - Halley KM<\/title>\n<meta name=\"description\" content=\"\u201dHALLEY KM\u201d SRL este o companie IT \u00eenfiin\u021bat\u0103 \u00een anul 2019, furnizor de servicii \u0219i solu\u021bii IT menite s\u0103 r\u0103spund\u0103 nevoilor unice ale companiilor, indiferent dac\u0103 este vorba despre corpora\u021bii mari, mijlocii sau mici, \u00een cadrul c\u0103reia activeaz\u0103 o echip\u0103 format\u0103 din speciali\u0219ti califica\u021bi \u00een domeniu IT.\" \/>\n<meta name=\"robots\" content=\"index, follow, max-snippet:-1, max-image-preview:large, max-video-preview:-1\" \/>\n<link rel=\"canonical\" href=\"https:\/\/halleykm.md\/en\/despre-noi\/\" \/>\n<meta property=\"og:locale\" content=\"en_US\" \/>\n<meta property=\"og:type\" content=\"article\" \/>\n<meta property=\"og:title\" content=\"Despre noi - Halley KM\" \/>\n<meta property=\"og:description\" content=\"\u201dHALLEY KM\u201d SRL este o companie IT \u00eenfiin\u021bat\u0103 \u00een anul 2019, furnizor de servicii \u0219i solu\u021bii IT menite s\u0103 r\u0103spund\u0103 nevoilor unice ale companiilor, indiferent dac\u0103 este vorba despre corpora\u021bii mari, mijlocii sau mici, \u00een cadrul c\u0103reia activeaz\u0103 o echip\u0103 format\u0103 din speciali\u0219ti califica\u021bi \u00een domeniu IT.\" \/>\n<meta property=\"og:url\" content=\"https:\/\/halleykm.md\/en\/despre-noi\/\" \/>\n<meta property=\"og:site_name\" content=\"Halley KM\" \/>\n<meta property=\"article:publisher\" content=\"https:\/\/www.facebook.com\/halleycahul\" \/>\n<meta property=\"article:modified_time\" content=\"2021-07-02T08:02:12+00:00\" \/>\n<meta property=\"og:image\" content=\"https:\/\/halleykm.md\/wp-content\/uploads\/2021\/04\/matelica.png\" \/>\n\t<meta property=\"og:image:width\" content=\"571\" \/>\n\t<meta property=\"og:image:height\" content=\"360\" \/>\n\t<meta property=\"og:image:type\" content=\"image\/png\" \/>\n<meta name=\"twitter:card\" content=\"summary_large_image\" \/>\n<meta name=\"twitter:label1\" content=\"Est. reading time\" \/>\n\t<meta name=\"twitter:data1\" content=\"2 minutes\" \/>\n<script type=\"application\/ld+json\" class=\"yoast-schema-graph\">{\"@context\":\"https:\\\/\\\/schema.org\",\"@graph\":[{\"@type\":\"WebPage\",\"@id\":\"https:\\\/\\\/halleykm.md\\\/despre-noi\\\/\",\"url\":\"https:\\\/\\\/halleykm.md\\\/despre-noi\\\/\",\"name\":\"Despre noi - Halley KM\",\"isPartOf\":{\"@id\":\"https:\\\/\\\/halleykm.md\\\/#website\"},\"primaryImageOfPage\":{\"@id\":\"https:\\\/\\\/halleykm.md\\\/despre-noi\\\/#primaryimage\"},\"image\":{\"@id\":\"https:\\\/\\\/halleykm.md\\\/despre-noi\\\/#primaryimage\"},\"thumbnailUrl\":\"https:\\\/\\\/halleykm.md\\\/wp-content\\\/uploads\\\/2021\\\/04\\\/matelica.png\",\"datePublished\":\"2021-04-12T08:09:36+00:00\",\"dateModified\":\"2021-07-02T08:02:12+00:00\",\"description\":\"\u201dHALLEY KM\u201d SRL este o companie IT \u00eenfiin\u021bat\u0103 \u00een anul 2019, furnizor de servicii \u0219i solu\u021bii IT menite s\u0103 r\u0103spund\u0103 nevoilor unice ale companiilor, indiferent dac\u0103 este vorba despre corpora\u021bii mari, mijlocii sau mici, \u00een cadrul c\u0103reia activeaz\u0103 o echip\u0103 format\u0103 din speciali\u0219ti califica\u021bi \u00een domeniu IT.\",\"breadcrumb\":{\"@id\":\"https:\\\/\\\/halleykm.md\\\/despre-noi\\\/#breadcrumb\"},\"inLanguage\":\"en-US\",\"potentialAction\":[{\"@type\":\"ReadAction\",\"target\":[\"https:\\\/\\\/halleykm.md\\\/despre-noi\\\/\"]}]},{\"@type\":\"ImageObject\",\"inLanguage\":\"en-US\",\"@id\":\"https:\\\/\\\/halleykm.md\\\/despre-noi\\\/#primaryimage\",\"url\":\"https:\\\/\\\/halleykm.md\\\/wp-content\\\/uploads\\\/2021\\\/04\\\/matelica.png\",\"contentUrl\":\"https:\\\/\\\/halleykm.md\\\/wp-content\\\/uploads\\\/2021\\\/04\\\/matelica.png\",\"width\":571,\"height\":360},{\"@type\":\"BreadcrumbList\",\"@id\":\"https:\\\/\\\/halleykm.md\\\/despre-noi\\\/#breadcrumb\",\"itemListElement\":[{\"@type\":\"ListItem\",\"position\":1,\"name\":\"Prima pagin\u0103\",\"item\":\"https:\\\/\\\/halleykm.md\\\/\"},{\"@type\":\"ListItem\",\"position\":2,\"name\":\"Despre noi\"}]},{\"@type\":\"WebSite\",\"@id\":\"https:\\\/\\\/halleykm.md\\\/#website\",\"url\":\"https:\\\/\\\/halleykm.md\\\/\",\"name\":\"Halley KM\",\"description\":\"Halley Knowledge Management\",\"publisher\":{\"@id\":\"https:\\\/\\\/halleykm.md\\\/#organization\"},\"potentialAction\":[{\"@type\":\"SearchAction\",\"target\":{\"@type\":\"EntryPoint\",\"urlTemplate\":\"https:\\\/\\\/halleykm.md\\\/?s={search_term_string}\"},\"query-input\":{\"@type\":\"PropertyValueSpecification\",\"valueRequired\":true,\"valueName\":\"search_term_string\"}}],\"inLanguage\":\"en-US\"},{\"@type\":\"Organization\",\"@id\":\"https:\\\/\\\/halleykm.md\\\/#organization\",\"name\":\"Halley Knowledge Management\",\"url\":\"https:\\\/\\\/halleykm.md\\\/\",\"logo\":{\"@type\":\"ImageObject\",\"inLanguage\":\"en-US\",\"@id\":\"https:\\\/\\\/halleykm.md\\\/#\\\/schema\\\/logo\\\/image\\\/\",\"url\":\"https:\\\/\\\/halleykm.md\\\/wp-content\\\/uploads\\\/2021\\\/04\\\/trtrt.png\",\"contentUrl\":\"https:\\\/\\\/halleykm.md\\\/wp-content\\\/uploads\\\/2021\\\/04\\\/trtrt.png\",\"width\":177,\"height\":68,\"caption\":\"Halley Knowledge Management\"},\"image\":{\"@id\":\"https:\\\/\\\/halleykm.md\\\/#\\\/schema\\\/logo\\\/image\\\/\"},\"sameAs\":[\"https:\\\/\\\/www.facebook.com\\\/halleycahul\",\"https:\\\/\\\/www.linkedin.com\\\/in\\\/halley-knowledge-management-00487120a\\\/?challengeId=AQFdatpuwBv9YwAAAXj0DP1gVHS7C4Ig1dtOL5UlMnbVg5wjoKXX9_vSTo37hEu1q-uFc4ULeuCHbBiF4t-9fJxJIMBwcHEnbg&amp;amp;amp;amp;amp;amp;amp;amp;amp;amp;amp;amp;amp;amp;amp;amp;submissionId=5459fa26-ebd9-7716-98e4-2aed3f8e0c0a\"]}]}<\/script>\n<!-- \/ Yoast SEO plugin. -->","yoast_head_json":{"title":"Despre noi - Halley KM","description":"\"HALLEY KM\" SRL is an IT company founded in 2019, provider of IT services and solutions designed to meet the unique needs of companies, whether large, medium or small corporations, which operates a team of qualified specialists in the IT field.","robots":{"index":"index","follow":"follow","max-snippet":"max-snippet:-1","max-image-preview":"max-image-preview:large","max-video-preview":"max-video-preview:-1"},"canonical":"https:\/\/halleykm.md\/en\/despre-noi\/","og_locale":"en_US","og_type":"article","og_title":"Despre noi - Halley KM","og_description":"\u201dHALLEY KM\u201d SRL este o companie IT \u00eenfiin\u021bat\u0103 \u00een anul 2019, furnizor de servicii \u0219i solu\u021bii IT menite s\u0103 r\u0103spund\u0103 nevoilor unice ale companiilor, indiferent dac\u0103 este vorba despre corpora\u021bii mari, mijlocii sau mici, \u00een cadrul c\u0103reia activeaz\u0103 o echip\u0103 format\u0103 din speciali\u0219ti califica\u021bi \u00een domeniu IT.","og_url":"https:\/\/halleykm.md\/en\/despre-noi\/","og_site_name":"Halley KM","article_publisher":"https:\/\/www.facebook.com\/halleycahul","article_modified_time":"2021-07-02T08:02:12+00:00","og_image":[{"width":571,"height":360,"url":"https:\/\/halleykm.md\/wp-content\/uploads\/2021\/04\/matelica.png","type":"image\/png"}],"twitter_card":"summary_large_image","twitter_misc":{"Est. reading time":"2 minutes"},"schema":{"@context":"https:\/\/schema.org","@graph":[{"@type":"WebPage","@id":"https:\/\/halleykm.md\/despre-noi\/","url":"https:\/\/halleykm.md\/despre-noi\/","name":"Despre noi - Halley KM","isPartOf":{"@id":"https:\/\/halleykm.md\/#website"},"primaryImageOfPage":{"@id":"https:\/\/halleykm.md\/despre-noi\/#primaryimage"},"image":{"@id":"https:\/\/halleykm.md\/despre-noi\/#primaryimage"},"thumbnailUrl":"https:\/\/halleykm.md\/wp-content\/uploads\/2021\/04\/matelica.png","datePublished":"2021-04-12T08:09:36+00:00","dateModified":"2021-07-02T08:02:12+00:00","description":"\"HALLEY KM\" SRL is an IT company founded in 2019, provider of IT services and solutions designed to meet the unique needs of companies, whether large, medium or small corporations, which operates a team of qualified specialists in the IT field.","breadcrumb":{"@id":"https:\/\/halleykm.md\/despre-noi\/#breadcrumb"},"inLanguage":"en-US","potentialAction":[{"@type":"ReadAction","target":["https:\/\/halleykm.md\/despre-noi\/"]}]},{"@type":"ImageObject","inLanguage":"en-US","@id":"https:\/\/halleykm.md\/despre-noi\/#primaryimage","url":"https:\/\/halleykm.md\/wp-content\/uploads\/2021\/04\/matelica.png","contentUrl":"https:\/\/halleykm.md\/wp-content\/uploads\/2021\/04\/matelica.png","width":571,"height":360},{"@type":"BreadcrumbList","@id":"https:\/\/halleykm.md\/despre-noi\/#breadcrumb","itemListElement":[{"@type":"ListItem","position":1,"name":"Prima pagin\u0103","item":"https:\/\/halleykm.md\/"},{"@type":"ListItem","position":2,"name":"Despre noi"}]},{"@type":"WebSite","@id":"https:\/\/halleykm.md\/#website","url":"https:\/\/halleykm.md\/","name":"Halley KM","description":"Halley Knowledge Management","publisher":{"@id":"https:\/\/halleykm.md\/#organization"},"potentialAction":[{"@type":"SearchAction","target":{"@type":"EntryPoint","urlTemplate":"https:\/\/halleykm.md\/?s={search_term_string}"},"query-input":{"@type":"PropertyValueSpecification","valueRequired":true,"valueName":"search_term_string"}}],"inLanguage":"en-US"},{"@type":"Organization","@id":"https:\/\/halleykm.md\/#organization","name":"Halley Knowledge Management","url":"https:\/\/halleykm.md\/","logo":{"@type":"ImageObject","inLanguage":"en-US","@id":"https:\/\/halleykm.md\/#\/schema\/logo\/image\/","url":"https:\/\/halleykm.md\/wp-content\/uploads\/2021\/04\/trtrt.png","contentUrl":"https:\/\/halleykm.md\/wp-content\/uploads\/2021\/04\/trtrt.png","width":177,"height":68,"caption":"Halley Knowledge Management"},"image":{"@id":"https:\/\/halleykm.md\/#\/schema\/logo\/image\/"},"sameAs":["https:\/\/www.facebook.com\/halleycahul","https:\/\/www.linkedin.com\/in\/halley-knowledge-management-00487120a\/?challengeId=AQFdatpuwBv9YwAAAXj0DP1gVHS7C4Ig1dtOL5UlMnbVg5wjoKXX9_vSTo37hEu1q-uFc4ULeuCHbBiF4t-9fJxJIMBwcHEnbg&amp;amp;amp;amp;amp;amp;amp;amp;amp;amp;amp;amp;amp;amp;amp;amp;submissionId=5459fa26-ebd9-7716-98e4-2aed3f8e0c0a"]}]}},"_links":{"self":[{"href":"https:\/\/halleykm.md\/en\/wp-json\/wp\/v2\/pages\/17","targetHints":{"allow":["GET"]}}],"collection":[{"href":"https:\/\/halleykm.md\/en\/wp-json\/wp\/v2\/pages"}],"about":[{"href":"https:\/\/halleykm.md\/en\/wp-json\/wp\/v2\/types\/page"}],"author":[{"embeddable":true,"href":"https:\/\/halleykm.md\/en\/wp-json\/wp\/v2\/users\/1"}],"replies":[{"embeddable":true,"href":"https:\/\/halleykm.md\/en\/wp-json\/wp\/v2\/comments?post=17"}],"version-history":[{"count":45,"href":"https:\/\/halleykm.md\/en\/wp-json\/wp\/v2\/pages\/17\/revisions"}],"predecessor-version":[{"id":2447,"href":"https:\/\/halleykm.md\/en\/wp-json\/wp\/v2\/pages\/17\/revisions\/2447"}],"wp:featuredmedia":[{"embeddable":true,"href":"https:\/\/halleykm.md\/en\/wp-json\/wp\/v2\/media\/1579"}],"wp:attachment":[{"href":"https:\/\/halleykm.md\/en\/wp-json\/wp\/v2\/media?parent=17"}],"curies":[{"name":"wp","href":"https:\/\/api.w.org\/{rel}","templated":true}]}}