{"id":1367,"date":"2016-02-12T07:54:41","date_gmt":"2016-02-12T07:54:41","guid":{"rendered":"http:\/\/demos.famethemes.com\/onepress\/?page_id=4"},"modified":"2021-04-21T11:27:58","modified_gmt":"2021-04-21T11:27:58","slug":"halley-km-este-o-companie-bazata-pe-proiecte-de-dezvoltare-software","status":"publish","type":"page","link":"https:\/\/halleykm.md\/en\/","title":{"rendered":"Acas\u0103"},"content":{"rendered":"","protected":false},"excerpt":{"rendered":"","protected":false},"author":1,"featured_media":0,"parent":0,"menu_order":0,"comment_status":"closed","ping_status":"closed","template":"template-frontpage.php","meta":{"footnotes":""},"class_list":["post-1367","page","type-page","status-publish","hentry"],"yoast_head":"<!-- This site is optimized with the Yoast SEO plugin v27.6 - https:\/\/yoast.com\/product\/yoast-seo-wordpress\/ -->\n<title>Acas\u0103 - Halley KM<\/title>\n<meta name=\"description\" content=\"Halley KM este o companie bazat\u0103 pe proiecte de dezvoltare software, cu o vast\u0103 experien\u021b\u0103 \u00een construirea de solu\u021bii web pentru companii din Italia.\" \/>\n<meta name=\"robots\" content=\"index, follow, max-snippet:-1, max-image-preview:large, max-video-preview:-1\" \/>\n<link rel=\"canonical\" href=\"https:\/\/halleykm.md\/en\/\" \/>\n<meta property=\"og:locale\" content=\"en_US\" \/>\n<meta property=\"og:type\" content=\"article\" \/>\n<meta property=\"og:title\" content=\"Acas\u0103 - Halley KM\" \/>\n<meta property=\"og:description\" content=\"Halley KM este o companie bazat\u0103 pe proiecte de dezvoltare software, cu o vast\u0103 experien\u021b\u0103 \u00een construirea de solu\u021bii web pentru companii din Italia.\" \/>\n<meta property=\"og:url\" content=\"https:\/\/halleykm.md\/en\/\" \/>\n<meta property=\"og:site_name\" content=\"Halley KM\" \/>\n<meta property=\"article:publisher\" content=\"https:\/\/www.facebook.com\/halleycahul\" \/>\n<meta property=\"article:modified_time\" content=\"2021-04-21T11:27:58+00:00\" \/>\n<meta name=\"twitter:card\" content=\"summary_large_image\" \/>\n<script type=\"application\/ld+json\" class=\"yoast-schema-graph\">{\"@context\":\"https:\\\/\\\/schema.org\",\"@graph\":[{\"@type\":\"WebPage\",\"@id\":\"https:\\\/\\\/halleykm.md\\\/\",\"url\":\"https:\\\/\\\/halleykm.md\\\/\",\"name\":\"Acas\u0103 - Halley KM\",\"isPartOf\":{\"@id\":\"https:\\\/\\\/halleykm.md\\\/#website\"},\"datePublished\":\"2016-02-12T07:54:41+00:00\",\"dateModified\":\"2021-04-21T11:27:58+00:00\",\"description\":\"Halley KM este o companie bazat\u0103 pe proiecte de dezvoltare software, cu o vast\u0103 experien\u021b\u0103 \u00een construirea de solu\u021bii web pentru companii din Italia.\",\"breadcrumb\":{\"@id\":\"https:\\\/\\\/halleykm.md\\\/#breadcrumb\"},\"inLanguage\":\"en-US\",\"potentialAction\":[{\"@type\":\"ReadAction\",\"target\":[\"https:\\\/\\\/halleykm.md\\\/\"]}]},{\"@type\":\"BreadcrumbList\",\"@id\":\"https:\\\/\\\/halleykm.md\\\/#breadcrumb\",\"itemListElement\":[{\"@type\":\"ListItem\",\"position\":1,\"name\":\"Prima pagin\u0103\",\"item\":\"https:\\\/\\\/halleykm.md\\\/\"},{\"@type\":\"ListItem\",\"position\":2,\"name\":\"Acas\u0103\"}]},{\"@type\":\"WebSite\",\"@id\":\"https:\\\/\\\/halleykm.md\\\/#website\",\"url\":\"https:\\\/\\\/halleykm.md\\\/\",\"name\":\"Halley KM\",\"description\":\"Halley Knowledge Management\",\"publisher\":{\"@id\":\"https:\\\/\\\/halleykm.md\\\/#organization\"},\"potentialAction\":[{\"@type\":\"SearchAction\",\"target\":{\"@type\":\"EntryPoint\",\"urlTemplate\":\"https:\\\/\\\/halleykm.md\\\/?s={search_term_string}\"},\"query-input\":{\"@type\":\"PropertyValueSpecification\",\"valueRequired\":true,\"valueName\":\"search_term_string\"}}],\"inLanguage\":\"en-US\"},{\"@type\":\"Organization\",\"@id\":\"https:\\\/\\\/halleykm.md\\\/#organization\",\"name\":\"Halley Knowledge Management\",\"url\":\"https:\\\/\\\/halleykm.md\\\/\",\"logo\":{\"@type\":\"ImageObject\",\"inLanguage\":\"en-US\",\"@id\":\"https:\\\/\\\/halleykm.md\\\/#\\\/schema\\\/logo\\\/image\\\/\",\"url\":\"https:\\\/\\\/halleykm.md\\\/wp-content\\\/uploads\\\/2021\\\/04\\\/trtrt.png\",\"contentUrl\":\"https:\\\/\\\/halleykm.md\\\/wp-content\\\/uploads\\\/2021\\\/04\\\/trtrt.png\",\"width\":177,\"height\":68,\"caption\":\"Halley Knowledge Management\"},\"image\":{\"@id\":\"https:\\\/\\\/halleykm.md\\\/#\\\/schema\\\/logo\\\/image\\\/\"},\"sameAs\":[\"https:\\\/\\\/www.facebook.com\\\/halleycahul\",\"https:\\\/\\\/www.linkedin.com\\\/in\\\/halley-knowledge-management-00487120a\\\/?challengeId=AQFdatpuwBv9YwAAAXj0DP1gVHS7C4Ig1dtOL5UlMnbVg5wjoKXX9_vSTo37hEu1q-uFc4ULeuCHbBiF4t-9fJxJIMBwcHEnbg&amp;amp;amp;amp;amp;amp;amp;amp;amp;amp;amp;amp;amp;amp;amp;amp;submissionId=5459fa26-ebd9-7716-98e4-2aed3f8e0c0a\"]}]}<\/script>\n<!-- \/ Yoast SEO plugin. -->","yoast_head_json":{"title":"Acas\u0103 - Halley KM","description":"Halley KM este o companie bazat\u0103 pe proiecte de dezvoltare software, cu o vast\u0103 experien\u021b\u0103 \u00een construirea de solu\u021bii web pentru companii din Italia.","robots":{"index":"index","follow":"follow","max-snippet":"max-snippet:-1","max-image-preview":"max-image-preview:large","max-video-preview":"max-video-preview:-1"},"canonical":"https:\/\/halleykm.md\/en\/","og_locale":"en_US","og_type":"article","og_title":"Acas\u0103 - Halley KM","og_description":"Halley KM este o companie bazat\u0103 pe proiecte de dezvoltare software, cu o vast\u0103 experien\u021b\u0103 \u00een construirea de solu\u021bii web pentru companii din Italia.","og_url":"https:\/\/halleykm.md\/en\/","og_site_name":"Halley KM","article_publisher":"https:\/\/www.facebook.com\/halleycahul","article_modified_time":"2021-04-21T11:27:58+00:00","twitter_card":"summary_large_image","schema":{"@context":"https:\/\/schema.org","@graph":[{"@type":"WebPage","@id":"https:\/\/halleykm.md\/","url":"https:\/\/halleykm.md\/","name":"Acas\u0103 - Halley KM","isPartOf":{"@id":"https:\/\/halleykm.md\/#website"},"datePublished":"2016-02-12T07:54:41+00:00","dateModified":"2021-04-21T11:27:58+00:00","description":"Halley KM este o companie bazat\u0103 pe proiecte de dezvoltare software, cu o vast\u0103 experien\u021b\u0103 \u00een construirea de solu\u021bii web pentru companii din Italia.","breadcrumb":{"@id":"https:\/\/halleykm.md\/#breadcrumb"},"inLanguage":"en-US","potentialAction":[{"@type":"ReadAction","target":["https:\/\/halleykm.md\/"]}]},{"@type":"BreadcrumbList","@id":"https:\/\/halleykm.md\/#breadcrumb","itemListElement":[{"@type":"ListItem","position":1,"name":"Prima pagin\u0103","item":"https:\/\/halleykm.md\/"},{"@type":"ListItem","position":2,"name":"Acas\u0103"}]},{"@type":"WebSite","@id":"https:\/\/halleykm.md\/#website","url":"https:\/\/halleykm.md\/","name":"Halley KM","description":"Halley Knowledge Management","publisher":{"@id":"https:\/\/halleykm.md\/#organization"},"potentialAction":[{"@type":"SearchAction","target":{"@type":"EntryPoint","urlTemplate":"https:\/\/halleykm.md\/?s={search_term_string}"},"query-input":{"@type":"PropertyValueSpecification","valueRequired":true,"valueName":"search_term_string"}}],"inLanguage":"en-US"},{"@type":"Organization","@id":"https:\/\/halleykm.md\/#organization","name":"Halley Knowledge Management","url":"https:\/\/halleykm.md\/","logo":{"@type":"ImageObject","inLanguage":"en-US","@id":"https:\/\/halleykm.md\/#\/schema\/logo\/image\/","url":"https:\/\/halleykm.md\/wp-content\/uploads\/2021\/04\/trtrt.png","contentUrl":"https:\/\/halleykm.md\/wp-content\/uploads\/2021\/04\/trtrt.png","width":177,"height":68,"caption":"Halley Knowledge Management"},"image":{"@id":"https:\/\/halleykm.md\/#\/schema\/logo\/image\/"},"sameAs":["https:\/\/www.facebook.com\/halleycahul","https:\/\/www.linkedin.com\/in\/halley-knowledge-management-00487120a\/?challengeId=AQFdatpuwBv9YwAAAXj0DP1gVHS7C4Ig1dtOL5UlMnbVg5wjoKXX9_vSTo37hEu1q-uFc4ULeuCHbBiF4t-9fJxJIMBwcHEnbg&amp;amp;amp;amp;amp;amp;amp;amp;amp;amp;amp;amp;amp;amp;amp;amp;submissionId=5459fa26-ebd9-7716-98e4-2aed3f8e0c0a"]}]}},"_links":{"self":[{"href":"https:\/\/halleykm.md\/en\/wp-json\/wp\/v2\/pages\/1367","targetHints":{"allow":["GET"]}}],"collection":[{"href":"https:\/\/halleykm.md\/en\/wp-json\/wp\/v2\/pages"}],"about":[{"href":"https:\/\/halleykm.md\/en\/wp-json\/wp\/v2\/types\/page"}],"author":[{"embeddable":true,"href":"https:\/\/halleykm.md\/en\/wp-json\/wp\/v2\/users\/1"}],"replies":[{"embeddable":true,"href":"https:\/\/halleykm.md\/en\/wp-json\/wp\/v2\/comments?post=1367"}],"version-history":[{"count":1,"href":"https:\/\/halleykm.md\/en\/wp-json\/wp\/v2\/pages\/1367\/revisions"}],"predecessor-version":[{"id":1610,"href":"https:\/\/halleykm.md\/en\/wp-json\/wp\/v2\/pages\/1367\/revisions\/1610"}],"wp:attachment":[{"href":"https:\/\/halleykm.md\/en\/wp-json\/wp\/v2\/media?parent=1367"}],"curies":[{"name":"wp","href":"https:\/\/api.w.org\/{rel}","templated":true}]}}